{"id":1125,"date":"2024-06-30T15:28:54","date_gmt":"2024-06-30T15:28:54","guid":{"rendered":"https:\/\/pmd2.pl\/?page_id=1125"},"modified":"2024-06-30T15:51:56","modified_gmt":"2024-06-30T15:51:56","slug":"podminky-sluzby","status":"publish","type":"page","link":"https:\/\/pmd2.pl\/cs\/regulamin-serwisu\/","title":{"rendered":"Podm\u00ednky slu\u017eby"},"content":{"rendered":"<h1 class=\"wp-block-heading\">Podm\u00ednky slu\u017eby&nbsp;<\/h1>\n\n\n\n<figure class=\"wp-block-image\"><img decoding=\"async\" src=\"https:\/\/lh7-us.googleusercontent.com\/docsz\/AD_4nXdB7Rvjjxe7p7PxUEbK9wzGsdLdBQCzGP0p0ssyna-tiQ1LWjQ9utDdIQYfFK9w1wLaGfdkgP_hYApDqP3EFOndWUJjaxJrlvheSNkNG-AjX6nTFtvlO2lPCS506lMf8oa0CO-QmkPEPd7EkPxQuHAzJ_o?key=dnADAHbPwvbKg7VcpdbvJQ\" alt=\"\"\/><\/figure>\n\n\n\n<p><strong>I. OBECN\u00c1 USTANOVEN\u00cd<\/strong><strong>&nbsp;<\/strong><\/p>\n\n\n\n<p>Tyto \"V\u0161eobecn\u00e9 podm\u00ednky pro pou\u017e\u00edv\u00e1n\u00ed tematick\u00fdch webov\u00fdch str\u00e1nek www.pmd2.pl\" (d\u00e1le jen \"V\u0161eobecn\u00e9 podm\u00ednky\") definuj\u00ed pravidla pro bezplatn\u00e9 pou\u017e\u00edv\u00e1n\u00ed webov\u00fdch str\u00e1nek www.pmd2.pl \", na kter\u00fdch PM Development Patryk Cruz, zve\u0159ej\u0148uje informace na t\u00e9ma nemovitosti, v\u00fdstavba byt\u016f , byty na prodej, architektura a propagace region\u016f, kde se realizuj\u00ed investice.&nbsp;<\/p>\n\n\n\n<p><strong>II. DEFINICE <\/strong>Pojmy pou\u017eit\u00fdmi ve V\u0161eobecn\u00fdch obchodn\u00edch podm\u00ednk\u00e1ch se rozum\u00ed:&nbsp;<\/p>\n\n\n\n<p>- <strong>Spole\u010dnost PM Development Patryk Cruz <\/strong>se s\u00eddlem Nowa S\u00f3l, ul. Weso\u0142a 19 a\/4, PS\u010c 67-100, kter\u00e1 je tv\u016frcem webov\u00fdch str\u00e1nek www.pmd2.pl, je vlastn\u00edkem pr\u00e1v k t\u011bmto str\u00e1nk\u00e1m a je opr\u00e1vn\u011bna nakl\u00e1dat s jejich prost\u0159edky.&nbsp;<\/p>\n\n\n\n<p>- <strong>Slu\u017eba <\/strong>- tematick\u00e9 webov\u00e9 str\u00e1nky www.pmd2.pl , se v\u011bnuj\u00ed t\u00e9matu nemovitost\u00ed, v\u00fdstavb\u011b byt\u016f, byt\u016f na prodej, architektu\u0159e a propagaci region\u016f s investicemi.&nbsp;<\/p>\n\n\n\n<p>- <strong>Zdroje slu\u017eeb <\/strong>- materi\u00e1ly zp\u0159\u00edstupn\u011bn\u00e9 v r\u00e1mci slu\u017eby za podm\u00ednek a v rozsahu stanoven\u00e9m v t\u011bchto v\u0161eobecn\u00fdch obchodn\u00edch podm\u00ednk\u00e1ch, v\u010detn\u011b zejm\u00e9na informac\u00ed, obchodn\u00edch sd\u011blen\u00ed, \u010dl\u00e1nk\u016f a kontaktn\u00edch formul\u00e1\u0159\u016f pro u\u017eivatele slu\u017eby. Zdroje slu\u017eby se skl\u00e1daj\u00ed z informa\u010dn\u00ed slu\u017eby. Informa\u010dn\u00ed slu\u017eba - zdroje slu\u017eby, ke kter\u00fdm m\u00e1 ka\u017ed\u00fd u\u017eivatel mo\u017enost p\u0159\u00edstupu bez nutnosti registra\u010dn\u00edho \u0159\u00edzen\u00ed.&nbsp;<\/p>\n\n\n\n<p>- <strong>U\u017eivatel <\/strong>- osoba, kter\u00e1 vyu\u017e\u00edv\u00e1 zdroje webov\u00fdch str\u00e1nek v rozsahu stanoven\u00e9m t\u011bmito podm\u00ednkami pou\u017e\u00edv\u00e1n\u00ed.&nbsp;<\/p>\n\n\n\n<p>- <strong>RODO <\/strong>- Na\u0159\u00edzen\u00ed Evropsk\u00e9ho parlamentu a Rady (EU) 2016\/679 o ochran\u011b fyzick\u00fdch osob v souvislosti se zpracov\u00e1n\u00edm osobn\u00edch \u00fadaj\u016f a o voln\u00e9m pohybu t\u011bchto \u00fadaj\u016f a o zru\u0161en\u00ed sm\u011brnice 95\/46\/ES (obecn\u00e9 na\u0159\u00edzen\u00ed o ochran\u011b osobn\u00edch \u00fadaj\u016f) ze dne 27. dubna 2016. (\u00da\u0159edn\u00ed v\u011bstn\u00edk EU L \u010d. 119, s. 1).&nbsp;<\/p>\n\n\n\n<p><strong>III. STANOVEN\u00cd PRAVIDEL PRO P\u0158\u00cdSTUP U\u017dIVATEL\u016e KE ZDROJ\u016eM SLU\u017dBY <\/strong><strong>&nbsp;TECHNICK\u00c9 PO\u017dADAVKY<\/strong><strong>&nbsp;<\/strong><\/p>\n\n\n\n<p>(1) P\u0159\u00edstup k \u010d\u00e1sti zdroj\u016f webu ozna\u010dovan\u00e9 jako informa\u010dn\u00ed slu\u017eba nepodl\u00e9h\u00e1 \u017e\u00e1dn\u00fdm formalit\u00e1m ze strany u\u017eivatele, zejm\u00e9na takov\u00fd p\u0159\u00edstup nevy\u017eaduje registraci u\u017eivatele v syst\u00e9mu slu\u017eby.<\/p>\n\n\n\n<figure class=\"wp-block-image\"><img decoding=\"async\" src=\"https:\/\/lh7-us.googleusercontent.com\/docsz\/AD_4nXfXXxXkLOQWuYU__5x72MNQ7x6anBpUKz2FDto1jzluWML3ozoE9pl6j1snatmQfBpYJXzgf2nCDQKVCnD8y0JSkgAnWI7XQmNqf3xDSszqQpHocbstPWG3YVuXafrJ8l2fuhL0xG_6waMhHTHlFn3NshCt?key=dnADAHbPwvbKg7VcpdbvJQ\" alt=\"\"\/><\/figure>\n\n\n\n<p>2. www.pmd2.pl doporu\u010duje pou\u017e\u00edvat n\u00e1sleduj\u00edc\u00ed prohl\u00ed\u017ee\u010de, nap\u0159. Google Chrome, Firefox, Edge (v nejnov\u011bj\u0161\u00edch verz\u00edch). IT syst\u00e9my u\u017eivatel\u016f by m\u011bly m\u00edt povoleny soubory cookie a zapnut\u00fd Javascript.&nbsp;<\/p>\n\n\n\n<p><strong>IV. Z\u00c1VAZKY Rozvoj PM Patryk Cruz<\/strong><strong>&nbsp;<\/strong><\/p>\n\n\n\n<p><strong>PM Development Patryk Cruz <\/strong>poskytuje u\u017eivatel\u016fm bezplatn\u00fd p\u0159\u00edstup ke zdroj\u016fm informa\u010dn\u00edch slu\u017eeb na neomezenou dobu.&nbsp;<\/p>\n\n\n\n<p><strong>V. POVINNOSTI U\u017dIVATELE<\/strong><strong>&nbsp;<\/strong><\/p>\n\n\n\n<p>1. U\u017eivatel je povinen pou\u017e\u00edvat slu\u017ebu v souladu se z\u00e1konem, ustanoven\u00edmi t\u011bchto v\u0161eobecn\u00fdch podm\u00ednek a dobr\u00fdmi mravy.&nbsp;<\/p>\n\n\n\n<p>(2) U\u017eivatel je opr\u00e1vn\u011bn vyu\u017e\u00edvat zdroje webov\u00fdch str\u00e1nek v\u00fdhradn\u011b pro svou osobn\u00ed pot\u0159ebu. To zejm\u00e9na znamen\u00e1, \u017ee ve vztahu k \u00fadaj\u016fm a v\u0161em ostatn\u00edm materi\u00e1l\u016fm obsa\u017een\u00fdm ve zdroj\u00edch slu\u017eby, a to jak t\u011bm, kter\u00e9 jsou chr\u00e1n\u011bny autorsk\u00fdm pr\u00e1vem, tak t\u011bm, kter\u00e9 takov\u00e9 ochran\u011b nepodl\u00e9haj\u00ed, nen\u00ed p\u0159\u00edpustn\u00e9, aby u\u017eivatel uveden\u00e9 materi\u00e1ly pou\u017e\u00edval ke komer\u010dn\u00edm aktivit\u00e1m.&nbsp;<\/p>\n\n\n\n<p><strong>VI. ODPOV\u011aDNOST STRAN&nbsp;<\/strong><\/p>\n\n\n\n<p>1. <strong>PM Development Patryk Cruz <\/strong>prohla\u0161uje, \u017ee materi\u00e1ly a informace, kter\u00e9 tvo\u0159\u00ed zdroje t\u011bchto webov\u00fdch str\u00e1nek, jsou shroma\u017e\u010fov\u00e1ny a upravov\u00e1ny s n\u00e1le\u017eitou p\u00e9\u010d\u00ed. Prezentovan\u00e9 informace nep\u0159edstavuj\u00ed nab\u00eddku ve smyslu \u010dl\u00e1nku 66 ob\u010dansk\u00e9ho z\u00e1kon\u00edku. <strong>PM Development Patryk Cruz <\/strong>rovn\u011b\u017e neodpov\u00edd\u00e1 za rozhodnut\u00ed, kter\u00e1 u\u017eivatel u\u010din\u00ed na z\u00e1klad\u011b informac\u00ed z\u00edskan\u00fdch prost\u0159ednictv\u00edm zdroj\u016f t\u011bchto str\u00e1nek.&nbsp;<\/p>\n\n\n\n<p>(2) U\u017eivatel nese plnou odpov\u011bdnost v\u016f\u010di t\u0159et\u00edm stran\u00e1m jak za obsah j\u00edm poskytnut\u00fdch informac\u00ed, tak za jejich obsah.&nbsp;<\/p>\n\n\n\n<p>3. <strong>PM Development Patryk Cruz <\/strong>d\u00e1le neodpov\u00edd\u00e1 za nedostupnost zdroj\u016f slu\u017eeb v d\u016fsledku poruchy telekomunika\u010dn\u00edho syst\u00e9mu ani za jin\u00e9 d\u016fsledky poruchy a po\u0161kozen\u00ed telekomunika\u010dn\u00edch spoj\u016f.&nbsp;<\/p>\n\n\n\n<p>4 Prost\u0159ednictv\u00edm webov\u00fdch str\u00e1nek se neuzav\u00edr\u00e1 smlouva, ale pouze p\u0159ehled nab\u00edzen\u00fdch produkt\u016f.&nbsp;<\/p>\n\n\n\n<p><strong>VII. ZPRACOV\u00c1N\u00cd VA\u0160ICH OSOBN\u00cdCH \u00daDAJ\u016e&nbsp;<\/strong><\/p>\n\n\n\n<p>V souladu s na\u0161\u00ed povinnost\u00ed podle \u010dl\u00e1nku 13 RODO v\u00e1s informujeme, \u017ee:&nbsp;<\/p>\n\n\n\n<p>1. Spr\u00e1vcem va\u0161ich osobn\u00edch \u00fadaj\u016f je <strong>PM Development Patryk Cruz Materna<\/strong>. se s\u00eddlem v Nov\u00e9 Soli na ulici Weso\u0142a 19a\/4, PS\u010c 67-100.&nbsp;<\/p>\n\n\n\n<p>2. va\u0161e osobn\u00ed \u00fadaje budou zpracov\u00e1v\u00e1ny za n\u00e1sleduj\u00edc\u00edch okolnost\u00ed na z\u00e1klad\u011b n\u00e1sleduj\u00edc\u00edch pr\u00e1vn\u00edch d\u016fvod\u016f pro tyto \u00fa\u010dely:&nbsp;<\/p>\n\n\n\n<p>(a) kontakty t\u00fdkaj\u00edc\u00ed se n\u00e1kupu nemovitost\u00ed, kter\u00e9 spo\u010d\u00edvaj\u00ed v pomoci p\u0159i v\u00fdb\u011bru nejv\u00fdhodn\u011bj\u0161\u00ed nab\u00eddky.<\/p>\n\n\n\n<figure class=\"wp-block-image\"><img decoding=\"async\" src=\"https:\/\/lh7-us.googleusercontent.com\/docsz\/AD_4nXeq08HDBg9re1zw6HVFsnQTllHhMcabGvDFNByJj40Te7lzvepxYfoJrXUWDXfJ4o26430PvmjZtSnCMyROEzWSoVv8bIlj7pfzeEOdVg8OGHkK4nmCs4SdrPUNeMFzuBwsmGdSSHzZEeE_xwYIMUEwrn4-?key=dnADAHbPwvbKg7VcpdbvJQ\" alt=\"\"\/><\/figure>\n\n\n\n<p>(b) marketing (v\u010detn\u011b profilov\u00e1n\u00ed pro tyto \u00fa\u010dely) - na z\u00e1klad\u011b souhlasu, kter\u00fd lze kdykoli odvolat (ani\u017e by byla dot\u010dena z\u00e1konnost zpracov\u00e1n\u00ed proveden\u00e9ho na z\u00e1klad\u011b souhlasu p\u0159ed jeho odvol\u00e1n\u00edm), nebo jako v\u00fdkon opr\u00e1vn\u011bn\u00fdch z\u00e1jm\u016f spr\u00e1vce \u00fadaj\u016f, mezi n\u011b\u017e pat\u0159\u00ed p\u0159\u00edm\u00fd marketing produkt\u016f a slu\u017eeb.&nbsp;<\/p>\n\n\n\n<p>(3) Poskytnut\u00ed \u00fadaj\u016f ze strany u\u017eivatele je dobrovoln\u00e9, av\u0161ak jejich neposkytnut\u00ed znemo\u017en\u00ed spole\u010dnosti PM Development Patryk Cruz poskytovat v\u00fd\u0161e uveden\u00e9 slu\u017eby. U\u017eivatel m\u00e1 d\u00e1le pr\u00e1vo p\u0159\u00edstupu k obsahu sv\u00fdch \u00fadaj\u016f a pr\u00e1vo na jejich opravu.&nbsp;<\/p>\n\n\n\n<p>(4) U\u017eivatel m\u00e1 pr\u00e1vo na p\u0159\u00edstup ke sv\u00fdm \u00fadaj\u016fm, jejich dopln\u011bn\u00ed, aktualizaci, opravu, do\u010dasn\u00e9 nebo trval\u00e9 pozastaven\u00ed jejich zpracov\u00e1n\u00ed nebo jejich vymaz\u00e1n\u00ed. (5) Pro uplatn\u011bn\u00ed sv\u00fdch pr\u00e1v by m\u011bl u\u017eivatel zaslat zpr\u00e1vu na n\u00e1sleduj\u00edc\u00ed adresu: biuro@pmd2.pl (6) U\u017eivatel m\u016f\u017ee za\u0161krtnut\u00edm p\u0159\u00edslu\u0161n\u00e9ho pol\u00ed\u010dka v nab\u00eddkov\u00e9m formul\u00e1\u0159i odm\u00edtnout nebo souhlasit se zas\u00edl\u00e1n\u00edm obchodn\u00edch informac\u00ed elektronick\u00fdmi prost\u0159edky v souladu se z\u00e1konem ze dne 26. 8. 2002 o elektronick\u00e9m poskytov\u00e1n\u00ed slu\u017eeb. V p\u0159\u00edpad\u011b, \u017ee u\u017eivatel souhlasil se zas\u00edl\u00e1n\u00edm obchodn\u00edch informac\u00ed elektronick\u00fdmi prost\u0159edky, m\u00e1 pr\u00e1vo kdykoli po\u017e\u00e1dat spr\u00e1vce \u00fadaj\u016f o odvol\u00e1n\u00ed souhlasu.  Uplatn\u011bn\u00ed pr\u00e1va po\u017e\u00e1dat o odvol\u00e1n\u00ed souhlasu se zas\u00edl\u00e1n\u00edm obchodn\u00edch sd\u011blen\u00ed se prov\u00e1d\u00ed zasl\u00e1n\u00edm p\u0159\u00edslu\u0161n\u00e9 \u017e\u00e1dosti e-mailem spr\u00e1vci osobn\u00edch \u00fadaj\u016f, a to na adresu: biuro@pmd2.pl , spolu se jm\u00e9nem a p\u0159\u00edjmen\u00edm U\u017eivatele.&nbsp;<\/p>\n\n\n\n<p>(7) Telefonick\u00e9 hovory s konzultanty mohou b\u00fdt v z\u00e1jmu kvality slu\u017eeb nahr\u00e1v\u00e1ny.&nbsp;<\/p>\n\n\n\n<p><strong>VIII. Z\u00c1V\u011aRE\u010cN\u00c1 USTANOVEN\u00cd DOHODY<\/strong><strong>&nbsp;<\/strong><\/p>\n\n\n\n<p>(1) Tyto obchodn\u00ed podm\u00ednky slou\u017e\u00ed jako v\u0161eobecn\u00e9 smluvn\u00ed podm\u00ednky ve smyslu ob\u010dansk\u00e9ho z\u00e1kon\u00edku.&nbsp;<\/p>\n\n\n\n<p>Pokud dojde ke zm\u011bn\u011b smluvn\u00edch podm\u00ednek, budou o tom u\u017eivatel\u00e9 informov\u00e1ni zve\u0159ejn\u011bn\u00edm na webov\u00fdch str\u00e1nk\u00e1ch.&nbsp;<\/p>\n\n\n\n<p>3. Ve\u0161ker\u00e9 p\u0159ipom\u00ednky, koment\u00e1\u0159e a dotazy t\u00fdkaj\u00edc\u00ed se provozu slu\u017eby lze sm\u011b\u0159ovat na adresu s\u00eddla spole\u010dnosti PM Development a na n\u00e1sleduj\u00edc\u00ed e-mailovou adresu: biuro@pmd2.pl.<\/p>","protected":false},"excerpt":{"rendered":"","protected":false},"author":2,"featured_media":0,"parent":0,"menu_order":0,"comment_status":"closed","ping_status":"closed","template":"","meta":{"_kad_blocks_custom_css":"","_kad_blocks_head_custom_js":"","_kad_blocks_body_custom_js":"","_kad_blocks_footer_custom_js":"","_kad_post_transparent":"","_kad_post_title":"hide","_kad_post_layout":"","_kad_post_sidebar_id":"","_kad_post_content_style":"","_kad_post_vertical_padding":"","_kad_post_feature":"","_kad_post_feature_position":"","_kad_post_header":false,"_kad_post_footer":false,"_kad_post_classname":"","footnotes":""},"class_list":["post-1125","page","type-page","status-publish","hentry"],"taxonomy_info":[],"featured_image_src_large":false,"author_info":{"display_name":"pmd2","author_link":"https:\/\/pmd2.pl\/cs\/author\/pmd2\/"},"comment_info":"","meta_box":[],"_links":{"self":[{"href":"https:\/\/pmd2.pl\/cs\/wp-json\/wp\/v2\/pages\/1125","targetHints":{"allow":["GET"]}}],"collection":[{"href":"https:\/\/pmd2.pl\/cs\/wp-json\/wp\/v2\/pages"}],"about":[{"href":"https:\/\/pmd2.pl\/cs\/wp-json\/wp\/v2\/types\/page"}],"author":[{"embeddable":true,"href":"https:\/\/pmd2.pl\/cs\/wp-json\/wp\/v2\/users\/2"}],"replies":[{"embeddable":true,"href":"https:\/\/pmd2.pl\/cs\/wp-json\/wp\/v2\/comments?post=1125"}],"version-history":[{"count":0,"href":"https:\/\/pmd2.pl\/cs\/wp-json\/wp\/v2\/pages\/1125\/revisions"}],"wp:attachment":[{"href":"https:\/\/pmd2.pl\/cs\/wp-json\/wp\/v2\/media?parent=1125"}],"curies":[{"name":"wp","href":"https:\/\/api.w.org\/{rel}","templated":true}]}}