{"id":1645,"date":"2024-07-12T08:17:13","date_gmt":"2024-07-12T08:17:13","guid":{"rendered":"https:\/\/pmd2.pl\/?page_id=1645"},"modified":"2026-04-01T20:25:58","modified_gmt":"2026-04-01T18:25:58","slug":"na-klic","status":"publish","type":"page","link":"https:\/\/pmd2.pl\/cs\/wykonczenie-pod-klucz\/","title":{"rendered":"Dokon\u010den\u00ed na kl\u00ed\u010d"},"content":{"rendered":"<style>.kb-posts-id-1645_a64e18-02 .entry.loop-entry .entry-header .entry-title{font-size:30px;}.kb-posts-id-1645_a64e18-02 .kb-post-list-item{display:grid;}<\/style><ul class=\"wp-block-kadence-posts kb-posts kadence-posts-list kb-posts-id-1645_a64e18-02 content-wrap grid-cols kb-posts-style-boxed grid-sm-col-2 grid-lg-col-2 item-image-style-above\"><li class=\"kb-post-list-item\">\n\t<article class=\"entry content-bg loop-entry post-1164 oferta type-oferta status-publish has-post-thumbnail hentry oferta-kategorie-wykonczenie-pod-klucz\">\n\t\t\t\t<a aria-hidden=\"true\" tabindex=\"-1\" role=\"presentation\" class=\"post-thumbnail kadence-thumbnail-ratio-2-3\" href=\"https:\/\/pmd2.pl\/cs\/oferta\/pakiet-business\/\" aria-label=\"Obchodn\u00ed bal\u00ed\u010dek\">\n\t\t\t<div class=\"post-thumbnail-inner\">\n\t\t\t\t<img loading=\"lazy\" decoding=\"async\" width=\"768\" height=\"432\" src=\"https:\/\/pmd2.pl\/wp-content\/uploads\/2025\/02\/PAKIET-BUSINESS-B-1920-x-1080-px-1-768x432.png\" class=\"attachment-medium_large size-medium_large wp-post-image\" alt=\"Obchodn\u00ed bal\u00ed\u010dek\" srcset=\"https:\/\/pmd2.pl\/wp-content\/uploads\/2025\/02\/PAKIET-BUSINESS-B-1920-x-1080-px-1-768x432.png 768w, https:\/\/pmd2.pl\/wp-content\/uploads\/2025\/02\/PAKIET-BUSINESS-B-1920-x-1080-px-1-300x169.png 300w, https:\/\/pmd2.pl\/wp-content\/uploads\/2025\/02\/PAKIET-BUSINESS-B-1920-x-1080-px-1-1024x576.png 1024w, https:\/\/pmd2.pl\/wp-content\/uploads\/2025\/02\/PAKIET-BUSINESS-B-1920-x-1080-px-1-1536x864.png 1536w, https:\/\/pmd2.pl\/wp-content\/uploads\/2025\/02\/PAKIET-BUSINESS-B-1920-x-1080-px-1.png 1920w\" sizes=\"auto, (max-width: 768px) 100vw, 768px\" \/>\t\t\t<\/div>\n\t\t<\/a><!-- .post-thumbnail -->\n\t\t\t\t<div class=\"entry-content-wrap\">\n\t\t\t<header class=\"entry-header\">\n\t<h2 class=\"entry-title\"><a href=\"https:\/\/pmd2.pl\/cs\/oferta\/pakiet-business\/\" rel=\"bookmark\">Obchodn\u00ed bal\u00ed\u010dek<\/a><\/h2><\/header><!-- .entry-header -->\n<footer class=\"entry-footer\">\n\t<\/footer><!-- .entry-footer -->\t\t<\/div>\n\t<\/article>\n<\/li>\n<li class=\"kb-post-list-item\">\n\t<article class=\"entry content-bg loop-entry post-1162 oferta type-oferta status-publish has-post-thumbnail hentry oferta-kategorie-wykonczenie-pod-klucz\">\n\t\t\t\t<a aria-hidden=\"true\" tabindex=\"-1\" role=\"presentation\" class=\"post-thumbnail kadence-thumbnail-ratio-2-3\" href=\"https:\/\/pmd2.pl\/cs\/oferta\/pakiet-prestige\/\" aria-label=\"Bal\u00ed\u010dek Prestige\">\n\t\t\t<div class=\"post-thumbnail-inner\">\n\t\t\t\t<img loading=\"lazy\" decoding=\"async\" width=\"768\" height=\"432\" src=\"https:\/\/pmd2.pl\/wp-content\/uploads\/2025\/02\/PAKIET-PRESTIGE-A-1920-x-1080-px-768x432.png\" class=\"attachment-medium_large size-medium_large wp-post-image\" alt=\"Bal\u00ed\u010dek Prestige\" srcset=\"https:\/\/pmd2.pl\/wp-content\/uploads\/2025\/02\/PAKIET-PRESTIGE-A-1920-x-1080-px-768x432.png 768w, https:\/\/pmd2.pl\/wp-content\/uploads\/2025\/02\/PAKIET-PRESTIGE-A-1920-x-1080-px-300x169.png 300w, https:\/\/pmd2.pl\/wp-content\/uploads\/2025\/02\/PAKIET-PRESTIGE-A-1920-x-1080-px-1024x576.png 1024w, https:\/\/pmd2.pl\/wp-content\/uploads\/2025\/02\/PAKIET-PRESTIGE-A-1920-x-1080-px-1536x864.png 1536w, https:\/\/pmd2.pl\/wp-content\/uploads\/2025\/02\/PAKIET-PRESTIGE-A-1920-x-1080-px.png 1920w\" sizes=\"auto, (max-width: 768px) 100vw, 768px\" \/>\t\t\t<\/div>\n\t\t<\/a><!-- .post-thumbnail -->\n\t\t\t\t<div class=\"entry-content-wrap\">\n\t\t\t<header class=\"entry-header\">\n\t<h2 class=\"entry-title\"><a href=\"https:\/\/pmd2.pl\/cs\/oferta\/pakiet-prestige\/\" rel=\"bookmark\">Bal\u00ed\u010dek Prestige<\/a><\/h2><\/header><!-- .entry-header -->\n<footer class=\"entry-footer\">\n\t<\/footer><!-- .entry-footer -->\t\t<\/div>\n\t<\/article>\n<\/li>\n<\/ul>","protected":false},"excerpt":{"rendered":"","protected":false},"author":2,"featured_media":1372,"parent":0,"menu_order":0,"comment_status":"closed","ping_status":"closed","template":"","meta":{"_kad_blocks_custom_css":"","_kad_blocks_head_custom_js":"","_kad_blocks_body_custom_js":"","_kad_blocks_footer_custom_js":"","_kad_post_transparent":"","_kad_post_title":"","_kad_post_layout":"","_kad_post_sidebar_id":"","_kad_post_content_style":"","_kad_post_vertical_padding":"","_kad_post_feature":"","_kad_post_feature_position":"","_kad_post_header":false,"_kad_post_footer":false,"_kad_post_classname":"","footnotes":""},"class_list":["post-1645","page","type-page","status-publish","has-post-thumbnail","hentry"],"taxonomy_info":[],"featured_image_src_large":["https:\/\/pmd2.pl\/wp-content\/uploads\/2024\/07\/Modrzewiowa-Kuchnia--1024x1024.png",1024,1024,true],"author_info":{"display_name":"pmd2","author_link":"https:\/\/pmd2.pl\/cs\/author\/pmd2\/"},"comment_info":"","meta_box":[],"_links":{"self":[{"href":"https:\/\/pmd2.pl\/cs\/wp-json\/wp\/v2\/pages\/1645","targetHints":{"allow":["GET"]}}],"collection":[{"href":"https:\/\/pmd2.pl\/cs\/wp-json\/wp\/v2\/pages"}],"about":[{"href":"https:\/\/pmd2.pl\/cs\/wp-json\/wp\/v2\/types\/page"}],"author":[{"embeddable":true,"href":"https:\/\/pmd2.pl\/cs\/wp-json\/wp\/v2\/users\/2"}],"replies":[{"embeddable":true,"href":"https:\/\/pmd2.pl\/cs\/wp-json\/wp\/v2\/comments?post=1645"}],"version-history":[{"count":1,"href":"https:\/\/pmd2.pl\/cs\/wp-json\/wp\/v2\/pages\/1645\/revisions"}],"predecessor-version":[{"id":2649,"href":"https:\/\/pmd2.pl\/cs\/wp-json\/wp\/v2\/pages\/1645\/revisions\/2649"}],"wp:featuredmedia":[{"embeddable":true,"href":"https:\/\/pmd2.pl\/cs\/wp-json\/wp\/v2\/media\/1372"}],"wp:attachment":[{"href":"https:\/\/pmd2.pl\/cs\/wp-json\/wp\/v2\/media?parent=1645"}],"curies":[{"name":"wp","href":"https:\/\/api.w.org\/{rel}","templated":true}]}}