{"id":900,"date":"2024-01-21T08:13:10","date_gmt":"2024-01-21T08:13:10","guid":{"rendered":"https:\/\/pmd2.pl\/?page_id=900"},"modified":"2025-05-30T05:41:53","modified_gmt":"2025-05-30T03:41:53","slug":"recommendations","status":"publish","type":"page","link":"https:\/\/pmd2.pl\/en\/rekomendacje\/","title":{"rendered":"Recommendations"},"content":{"rendered":"<style>.wp-block-kadence-advancedheading.kt-adv-heading900_16c450-ca, .wp-block-kadence-advancedheading.kt-adv-heading900_16c450-ca[data-kb-block=\"kb-adv-heading900_16c450-ca\"]{font-style:normal;}.wp-block-kadence-advancedheading.kt-adv-heading900_16c450-ca mark.kt-highlight, .wp-block-kadence-advancedheading.kt-adv-heading900_16c450-ca[data-kb-block=\"kb-adv-heading900_16c450-ca\"] mark.kt-highlight{font-style:normal;color:#f76a0c;-webkit-box-decoration-break:clone;box-decoration-break:clone;padding-top:0px;padding-right:0px;padding-bottom:0px;padding-left:0px;}.wp-block-kadence-advancedheading.kt-adv-heading900_16c450-ca img.kb-inline-image, .wp-block-kadence-advancedheading.kt-adv-heading900_16c450-ca[data-kb-block=\"kb-adv-heading900_16c450-ca\"] img.kb-inline-image{width:150px;vertical-align:baseline;}<\/style>\n<h3 class=\"kt-adv-heading900_16c450-ca wp-block-kadence-advancedheading\" data-kb-block=\"kb-adv-heading900_16c450-ca\"><strong>Rekomendacje od Klient\u00f3w<\/strong><\/h3>\n\n\n<style>.wp-block-kadence-advancedgallery .kb-gallery-type-grid.kb-gallery-id-900_d24f41-6a{margin:-10px;}.kb-gallery-type-grid.kb-gallery-id-900_d24f41-6a .kadence-blocks-gallery-item{padding:10px;}.kb-gallery-id-900_d24f41-6a .kadence-blocks-gallery-item .kb-gal-image-radius, .kb-gallery-id-900_d24f41-6a .kb-slide-item .kb-gal-image-radius img{border-radius:0px 0px 0px 0px;;}.kb-gallery-id-900_d24f41-6a .kadence-blocks-gallery-item .kadence-blocks-gallery-item-inner .kadence-blocks-gallery-item__caption{color:var(--global-palette3, #1A202C);}.kb-gallery-caption-style-cover-hover.kb-gallery-id-900_d24f41-6a .kadence-blocks-gallery-item .kadence-blocks-gallery-item-inner .kadence-blocks-gallery-item__caption, .kb-gallery-caption-style-below.kb-gallery-id-900_d24f41-6a .kadence-blocks-gallery-item .kadence-blocks-gallery-item-inner .kadence-blocks-gallery-item__caption{background:var(--global-palette9, #ffffff);}<\/style><div class=\"kb-gallery-wrap-id-900_d24f41-6a alignnone wp-block-kadence-advancedgallery\"><ul class=\"kb-gallery-ul kb-gallery-non-static kb-gallery-type-grid kb-gallery-id-900_d24f41-6a kb-gallery-caption-style-below kb-gallery-filter-none kb-gallery-magnific-init\" data-image-filter=\"none\" data-item-selector=\".kadence-blocks-gallery-item\" data-lightbox-caption=\"false\" data-columns-xxl=\"3\" data-columns-xl=\"3\" data-columns-md=\"3\" data-columns-sm=\"2\" data-columns-xs=\"1\" data-columns-ss=\"1\"><li class=\"kadence-blocks-gallery-item\"><div class=\"kadence-blocks-gallery-item-inner\"><figure class=\"kb-gallery-figure kb-gallery-item-has-link kadence-blocks-gallery-item-has-caption\"><a href=\"https:\/\/pmd2.pl\/wp-content\/uploads\/2025\/03\/gdaniec.png\" class=\"kb-gallery-item-link\"   role=\"button\" aria-haspopup=\"dialog\"><div class=\"kb-gal-image-radius\"><div class=\"kb-gallery-image-contain kadence-blocks-gallery-intrinsic kb-gallery-image-ratio-port23 kb-has-image-ratio-port23\" ><img loading=\"lazy\" decoding=\"async\" src=\"https:\/\/pmd2.pl\/wp-content\/uploads\/2025\/03\/gdaniec.png\" width=\"763\" height=\"944\" alt=\"\" data-full-image=\"https:\/\/pmd2.pl\/wp-content\/uploads\/2025\/03\/gdaniec.png\" data-light-image=\"https:\/\/pmd2.pl\/wp-content\/uploads\/2025\/03\/gdaniec.png\" data-id=\"2312\" class=\"wp-image-2312\" srcset=\"https:\/\/pmd2.pl\/wp-content\/uploads\/2025\/03\/gdaniec.png 763w, https:\/\/pmd2.pl\/wp-content\/uploads\/2025\/03\/gdaniec-242x300.png 242w\" sizes=\"auto, (max-width: 763px) 100vw, 763px\" \/><\/div><\/div><div class=\"kadence-blocks-gallery-item__caption\">P. Monika Gdaniec z Lubuskiego\u00a0<\/div><\/a><\/figure><\/div><\/li><li class=\"kadence-blocks-gallery-item\"><div class=\"kadence-blocks-gallery-item-inner\"><figure class=\"kb-gallery-figure kb-gallery-item-has-link kadence-blocks-gallery-item-has-caption\"><a href=\"https:\/\/pmd2.pl\/wp-content\/uploads\/2025\/03\/mokrzysz.png\" class=\"kb-gallery-item-link\"   role=\"button\" aria-haspopup=\"dialog\"><div class=\"kb-gal-image-radius\"><div class=\"kb-gallery-image-contain kadence-blocks-gallery-intrinsic kb-gallery-image-ratio-port23 kb-has-image-ratio-port23\" ><img loading=\"lazy\" decoding=\"async\" src=\"https:\/\/pmd2.pl\/wp-content\/uploads\/2025\/03\/mokrzysz.png\" width=\"743\" height=\"959\" alt=\"\" data-full-image=\"https:\/\/pmd2.pl\/wp-content\/uploads\/2025\/03\/mokrzysz.png\" data-light-image=\"https:\/\/pmd2.pl\/wp-content\/uploads\/2025\/03\/mokrzysz.png\" data-id=\"2317\" class=\"wp-image-2317\" srcset=\"https:\/\/pmd2.pl\/wp-content\/uploads\/2025\/03\/mokrzysz.png 743w, https:\/\/pmd2.pl\/wp-content\/uploads\/2025\/03\/mokrzysz-232x300.png 232w\" sizes=\"auto, (max-width: 743px) 100vw, 743px\" \/><\/div><\/div><div class=\"kadence-blocks-gallery-item__caption\">P. Ewa i S\u0142awomir Mokrzysz z Dolnego \u015al\u0105ska\u00a0<\/div><\/a><\/figure><\/div><\/li><li class=\"kadence-blocks-gallery-item\"><div class=\"kadence-blocks-gallery-item-inner\"><figure class=\"kb-gallery-figure kb-gallery-item-has-link kadence-blocks-gallery-item-has-caption\"><a href=\"https:\/\/pmd2.pl\/wp-content\/uploads\/2025\/03\/gorzka.png\" class=\"kb-gallery-item-link\"   role=\"button\" aria-haspopup=\"dialog\"><div class=\"kb-gal-image-radius\"><div class=\"kb-gallery-image-contain kadence-blocks-gallery-intrinsic kb-gallery-image-ratio-port23 kb-has-image-ratio-port23\" ><img loading=\"lazy\" decoding=\"async\" src=\"https:\/\/pmd2.pl\/wp-content\/uploads\/2025\/03\/gorzka-717x1024.png\" width=\"717\" height=\"1024\" alt=\"\" data-full-image=\"https:\/\/pmd2.pl\/wp-content\/uploads\/2025\/03\/gorzka.png\" data-light-image=\"https:\/\/pmd2.pl\/wp-content\/uploads\/2025\/03\/gorzka.png\" data-id=\"2313\" class=\"wp-image-2313\" srcset=\"https:\/\/pmd2.pl\/wp-content\/uploads\/2025\/03\/gorzka-717x1024.png 717w, https:\/\/pmd2.pl\/wp-content\/uploads\/2025\/03\/gorzka-210x300.png 210w, https:\/\/pmd2.pl\/wp-content\/uploads\/2025\/03\/gorzka.png 741w\" sizes=\"auto, (max-width: 717px) 100vw, 717px\" \/><\/div><\/div><div class=\"kadence-blocks-gallery-item__caption\">P. Bo\u017cena Gorzendowska- Gorzka , Bernard Gorzka ze Stargardu<\/div><\/a><\/figure><\/div><\/li><li class=\"kadence-blocks-gallery-item\"><div class=\"kadence-blocks-gallery-item-inner\"><figure class=\"kb-gallery-figure kb-gallery-item-has-link kadence-blocks-gallery-item-has-caption\"><a href=\"https:\/\/pmd2.pl\/wp-content\/uploads\/2025\/03\/maria_przemyslaw.png\" class=\"kb-gallery-item-link\"   role=\"button\" aria-haspopup=\"dialog\"><div class=\"kb-gal-image-radius\"><div class=\"kb-gallery-image-contain kadence-blocks-gallery-intrinsic kb-gallery-image-ratio-port23 kb-has-image-ratio-port23\" ><img loading=\"lazy\" decoding=\"async\" src=\"https:\/\/pmd2.pl\/wp-content\/uploads\/2025\/03\/maria_przemyslaw.png\" width=\"720\" height=\"1006\" alt=\"\" data-full-image=\"https:\/\/pmd2.pl\/wp-content\/uploads\/2025\/03\/maria_przemyslaw.png\" data-light-image=\"https:\/\/pmd2.pl\/wp-content\/uploads\/2025\/03\/maria_przemyslaw.png\" data-id=\"2338\" class=\"wp-image-2338\" srcset=\"https:\/\/pmd2.pl\/wp-content\/uploads\/2025\/03\/maria_przemyslaw.png 720w, https:\/\/pmd2.pl\/wp-content\/uploads\/2025\/03\/maria_przemyslaw-215x300.png 215w\" sizes=\"auto, (max-width: 720px) 100vw, 720px\" \/><\/div><\/div><div class=\"kadence-blocks-gallery-item__caption\">Maria i Przemys\u0142aw z Wielkopolski<\/div><\/a><\/figure><\/div><\/li><li class=\"kadence-blocks-gallery-item\"><div class=\"kadence-blocks-gallery-item-inner\"><figure class=\"kb-gallery-figure kb-gallery-item-has-link kadence-blocks-gallery-item-has-caption\"><a href=\"https:\/\/pmd2.pl\/wp-content\/uploads\/2025\/03\/ryszard_gornicki-1.png\" class=\"kb-gallery-item-link\"   role=\"button\" aria-haspopup=\"dialog\"><div class=\"kb-gal-image-radius\"><div class=\"kb-gallery-image-contain kadence-blocks-gallery-intrinsic kb-gallery-image-ratio-port23 kb-has-image-ratio-port23\" ><img loading=\"lazy\" decoding=\"async\" src=\"https:\/\/pmd2.pl\/wp-content\/uploads\/2025\/03\/ryszard_gornicki-1-733x1024.png\" width=\"733\" height=\"1024\" alt=\"\" data-full-image=\"https:\/\/pmd2.pl\/wp-content\/uploads\/2025\/03\/ryszard_gornicki-1.png\" data-light-image=\"https:\/\/pmd2.pl\/wp-content\/uploads\/2025\/03\/ryszard_gornicki-1.png\" data-id=\"2339\" class=\"wp-image-2339\" srcset=\"https:\/\/pmd2.pl\/wp-content\/uploads\/2025\/03\/ryszard_gornicki-1-733x1024.png 733w, https:\/\/pmd2.pl\/wp-content\/uploads\/2025\/03\/ryszard_gornicki-1-215x300.png 215w, https:\/\/pmd2.pl\/wp-content\/uploads\/2025\/03\/ryszard_gornicki-1.png 754w\" sizes=\"auto, (max-width: 733px) 100vw, 733px\" \/><\/div><\/div><div class=\"kadence-blocks-gallery-item__caption\">Ryszard G\u00f3rnicki El\u017cbieta G\u00f3rnicka z Lubuskiego <\/div><\/a><\/figure><\/div><\/li><\/ul><\/div>\n\n<style>.wp-block-kadence-advancedheading.kt-adv-heading900_172288-20, .wp-block-kadence-advancedheading.kt-adv-heading900_172288-20[data-kb-block=\"kb-adv-heading900_172288-20\"]{font-style:normal;}.wp-block-kadence-advancedheading.kt-adv-heading900_172288-20 mark.kt-highlight, .wp-block-kadence-advancedheading.kt-adv-heading900_172288-20[data-kb-block=\"kb-adv-heading900_172288-20\"] mark.kt-highlight{font-style:normal;color:#f76a0c;-webkit-box-decoration-break:clone;box-decoration-break:clone;padding-top:0px;padding-right:0px;padding-bottom:0px;padding-left:0px;}.wp-block-kadence-advancedheading.kt-adv-heading900_172288-20 img.kb-inline-image, .wp-block-kadence-advancedheading.kt-adv-heading900_172288-20[data-kb-block=\"kb-adv-heading900_172288-20\"] img.kb-inline-image{width:150px;vertical-align:baseline;}<\/style>\n<h3 class=\"kt-adv-heading900_172288-20 wp-block-kadence-advancedheading\" data-kb-block=\"kb-adv-heading900_172288-20\"><strong><strong>Rekomendacje od Partner\u00f3w Biznesowyc<\/strong>h&nbsp;<\/strong><\/h3>\n\n\n<style>.wp-block-kadence-advancedgallery .kb-gallery-type-grid.kb-gallery-id-900_3cefca-8f{margin:-10px;}.kb-gallery-type-grid.kb-gallery-id-900_3cefca-8f .kadence-blocks-gallery-item{padding:10px;}.kb-gallery-id-900_3cefca-8f .kadence-blocks-gallery-item .kb-gal-image-radius, .kb-gallery-id-900_3cefca-8f .kb-slide-item .kb-gal-image-radius img{border-radius:0px 0px 0px 0px;;}.kb-gallery-id-900_3cefca-8f .kadence-blocks-gallery-item .kadence-blocks-gallery-item-inner .kadence-blocks-gallery-item__caption{color:var(--global-palette3, #1A202C);}.kb-gallery-caption-style-cover-hover.kb-gallery-id-900_3cefca-8f .kadence-blocks-gallery-item .kadence-blocks-gallery-item-inner .kadence-blocks-gallery-item__caption, .kb-gallery-caption-style-below.kb-gallery-id-900_3cefca-8f .kadence-blocks-gallery-item .kadence-blocks-gallery-item-inner .kadence-blocks-gallery-item__caption{background:var(--global-palette9, #ffffff);}<\/style><div class=\"kb-gallery-wrap-id-900_3cefca-8f alignnone wp-block-kadence-advancedgallery\"><ul class=\"kb-gallery-ul kb-gallery-non-static kb-gallery-type-grid kb-gallery-id-900_3cefca-8f kb-gallery-caption-style-below kb-gallery-filter-none kb-gallery-magnific-init\" data-image-filter=\"none\" data-item-selector=\".kadence-blocks-gallery-item\" data-lightbox-caption=\"false\" data-columns-xxl=\"3\" data-columns-xl=\"3\" data-columns-md=\"3\" data-columns-sm=\"2\" data-columns-xs=\"1\" data-columns-ss=\"1\"><li class=\"kadence-blocks-gallery-item\"><div class=\"kadence-blocks-gallery-item-inner\"><figure class=\"kb-gallery-figure kb-gallery-item-has-link kadence-blocks-gallery-item-has-caption\"><a href=\"https:\/\/pmd2.pl\/wp-content\/uploads\/2025\/03\/eurotsg.png\" class=\"kb-gallery-item-link\"   role=\"button\" aria-haspopup=\"dialog\"><div class=\"kb-gal-image-radius\"><div class=\"kb-gallery-image-contain kadence-blocks-gallery-intrinsic kb-gallery-image-ratio-port23 kb-has-image-ratio-port23\" ><img loading=\"lazy\" decoding=\"async\" src=\"https:\/\/pmd2.pl\/wp-content\/uploads\/2025\/03\/eurotsg.png\" width=\"679\" height=\"838\" alt=\"\" data-full-image=\"https:\/\/pmd2.pl\/wp-content\/uploads\/2025\/03\/eurotsg.png\" data-light-image=\"https:\/\/pmd2.pl\/wp-content\/uploads\/2025\/03\/eurotsg.png\" data-id=\"2311\" class=\"wp-image-2311\" srcset=\"https:\/\/pmd2.pl\/wp-content\/uploads\/2025\/03\/eurotsg.png 679w, https:\/\/pmd2.pl\/wp-content\/uploads\/2025\/03\/eurotsg-243x300.png 243w\" sizes=\"auto, (max-width: 679px) 100vw, 679px\" \/><\/div><\/div><div class=\"kadence-blocks-gallery-item__caption\">Instal Glazur z Trzebiatowa\u00a0<\/div><\/a><\/figure><\/div><\/li><li class=\"kadence-blocks-gallery-item\"><div class=\"kadence-blocks-gallery-item-inner\"><figure class=\"kb-gallery-figure kb-gallery-item-has-link kadence-blocks-gallery-item-has-caption\"><a href=\"https:\/\/pmd2.pl\/wp-content\/uploads\/2025\/03\/lapis.png\" class=\"kb-gallery-item-link\"   role=\"button\" aria-haspopup=\"dialog\"><div class=\"kb-gal-image-radius\"><div class=\"kb-gallery-image-contain kadence-blocks-gallery-intrinsic kb-gallery-image-ratio-port23 kb-has-image-ratio-port23\" ><img loading=\"lazy\" decoding=\"async\" src=\"https:\/\/pmd2.pl\/wp-content\/uploads\/2025\/03\/lapis-809x1024.png\" width=\"809\" height=\"1024\" alt=\"\" data-full-image=\"https:\/\/pmd2.pl\/wp-content\/uploads\/2025\/03\/lapis.png\" data-light-image=\"https:\/\/pmd2.pl\/wp-content\/uploads\/2025\/03\/lapis.png\" data-id=\"2314\" class=\"wp-image-2314\" srcset=\"https:\/\/pmd2.pl\/wp-content\/uploads\/2025\/03\/lapis-809x1024.png 809w, https:\/\/pmd2.pl\/wp-content\/uploads\/2025\/03\/lapis-237x300.png 237w, https:\/\/pmd2.pl\/wp-content\/uploads\/2025\/03\/lapis-768x972.png 768w, https:\/\/pmd2.pl\/wp-content\/uploads\/2025\/03\/lapis.png 858w\" sizes=\"auto, (max-width: 809px) 100vw, 809px\" \/><\/div><\/div><div class=\"kadence-blocks-gallery-item__caption\">Firma Lapis z Zielonej G\u00f3ry<\/div><\/a><\/figure><\/div><\/li><li class=\"kadence-blocks-gallery-item\"><div class=\"kadence-blocks-gallery-item-inner\"><figure class=\"kb-gallery-figure kb-gallery-item-has-link kadence-blocks-gallery-item-has-caption\"><a href=\"https:\/\/pmd2.pl\/wp-content\/uploads\/2025\/03\/majster_plus.png\" class=\"kb-gallery-item-link\"   role=\"button\" aria-haspopup=\"dialog\"><div class=\"kb-gal-image-radius\"><div class=\"kb-gallery-image-contain kadence-blocks-gallery-intrinsic kb-gallery-image-ratio-port23 kb-has-image-ratio-port23\" ><img loading=\"lazy\" decoding=\"async\" src=\"https:\/\/pmd2.pl\/wp-content\/uploads\/2025\/03\/majster_plus-772x1024.png\" width=\"772\" height=\"1024\" alt=\"\" data-full-image=\"https:\/\/pmd2.pl\/wp-content\/uploads\/2025\/03\/majster_plus.png\" data-light-image=\"https:\/\/pmd2.pl\/wp-content\/uploads\/2025\/03\/majster_plus.png\" data-id=\"2315\" class=\"wp-image-2315\" srcset=\"https:\/\/pmd2.pl\/wp-content\/uploads\/2025\/03\/majster_plus-772x1024.png 772w, https:\/\/pmd2.pl\/wp-content\/uploads\/2025\/03\/majster_plus-226x300.png 226w, https:\/\/pmd2.pl\/wp-content\/uploads\/2025\/03\/majster_plus-768x1018.png 768w, https:\/\/pmd2.pl\/wp-content\/uploads\/2025\/03\/majster_plus.png 779w\" sizes=\"auto, (max-width: 772px) 100vw, 772px\" \/><\/div><\/div><div class=\"kadence-blocks-gallery-item__caption\">Firma Majster Plus Wolsztyn<\/div><\/a><\/figure><\/div><\/li><li class=\"kadence-blocks-gallery-item\"><div class=\"kadence-blocks-gallery-item-inner\"><figure class=\"kb-gallery-figure kb-gallery-item-has-link kadence-blocks-gallery-item-has-caption\"><a href=\"https:\/\/pmd2.pl\/wp-content\/uploads\/2025\/03\/ds-it.png\" class=\"kb-gallery-item-link\"   role=\"button\" aria-haspopup=\"dialog\"><div class=\"kb-gal-image-radius\"><div class=\"kb-gallery-image-contain kadence-blocks-gallery-intrinsic kb-gallery-image-ratio-port23 kb-has-image-ratio-port23\" ><img loading=\"lazy\" decoding=\"async\" src=\"https:\/\/pmd2.pl\/wp-content\/uploads\/2025\/03\/ds-it-734x1024.png\" width=\"734\" height=\"1024\" alt=\"\" data-full-image=\"https:\/\/pmd2.pl\/wp-content\/uploads\/2025\/03\/ds-it.png\" data-light-image=\"https:\/\/pmd2.pl\/wp-content\/uploads\/2025\/03\/ds-it.png\" data-id=\"2365\" class=\"wp-image-2365\" srcset=\"https:\/\/pmd2.pl\/wp-content\/uploads\/2025\/03\/ds-it-734x1024.png 734w, https:\/\/pmd2.pl\/wp-content\/uploads\/2025\/03\/ds-it-215x300.png 215w, https:\/\/pmd2.pl\/wp-content\/uploads\/2025\/03\/ds-it.png 754w\" sizes=\"auto, (max-width: 734px) 100vw, 734px\" \/><\/div><\/div><div class=\"kadence-blocks-gallery-item__caption\">DS IT Daniel Stuka\u0144<\/div><\/a><\/figure><\/div><\/li><li class=\"kadence-blocks-gallery-item\"><div class=\"kadence-blocks-gallery-item-inner\"><figure class=\"kb-gallery-figure kb-gallery-item-has-link kadence-blocks-gallery-item-has-caption\"><a href=\"https:\/\/pmd2.pl\/wp-content\/uploads\/2025\/05\/mazurek.jpg\" class=\"kb-gallery-item-link\"   role=\"button\" aria-haspopup=\"dialog\"><div class=\"kb-gal-image-radius\"><div class=\"kb-gallery-image-contain kadence-blocks-gallery-intrinsic kb-gallery-image-ratio-port23 kb-has-image-ratio-port23\" ><img loading=\"lazy\" decoding=\"async\" src=\"https:\/\/pmd2.pl\/wp-content\/uploads\/2025\/05\/mazurek-722x1024.jpg\" width=\"722\" height=\"1024\" alt=\"\" data-full-image=\"https:\/\/pmd2.pl\/wp-content\/uploads\/2025\/05\/mazurek.jpg\" data-light-image=\"https:\/\/pmd2.pl\/wp-content\/uploads\/2025\/05\/mazurek.jpg\" data-id=\"2445\" class=\"wp-image-2445\" srcset=\"https:\/\/pmd2.pl\/wp-content\/uploads\/2025\/05\/mazurek-722x1024.jpg 722w, https:\/\/pmd2.pl\/wp-content\/uploads\/2025\/05\/mazurek-212x300.jpg 212w, https:\/\/pmd2.pl\/wp-content\/uploads\/2025\/05\/mazurek-768x1089.jpg 768w, https:\/\/pmd2.pl\/wp-content\/uploads\/2025\/05\/mazurek.jpg 788w\" sizes=\"auto, (max-width: 722px) 100vw, 722px\" \/><\/div><\/div><div class=\"kadence-blocks-gallery-item__caption\">MDZ Zuterek<\/div><\/a><\/figure><\/div><\/li><\/ul><\/div>","protected":false},"excerpt":{"rendered":"","protected":false},"author":2,"featured_media":1020,"parent":0,"menu_order":0,"comment_status":"closed","ping_status":"closed","template":"","meta":{"_kad_blocks_custom_css":"","_kad_blocks_head_custom_js":"","_kad_blocks_body_custom_js":"","_kad_blocks_footer_custom_js":"","_kad_post_transparent":"","_kad_post_title":"","_kad_post_layout":"","_kad_post_sidebar_id":"","_kad_post_content_style":"","_kad_post_vertical_padding":"","_kad_post_feature":"","_kad_post_feature_position":"","_kad_post_header":false,"_kad_post_footer":false,"_kad_post_classname":"","footnotes":""},"class_list":["post-900","page","type-page","status-publish","has-post-thumbnail","hentry"],"taxonomy_info":[],"featured_image_src_large":["https:\/\/pmd2.pl\/wp-content\/uploads\/2024\/06\/oczekiwania-klientow-e1737666995921-1024x302.jpg",1024,302,true],"author_info":{"display_name":"pmd2","author_link":"https:\/\/pmd2.pl\/en\/author\/pmd2\/"},"comment_info":"","meta_box":[],"_links":{"self":[{"href":"https:\/\/pmd2.pl\/en\/wp-json\/wp\/v2\/pages\/900","targetHints":{"allow":["GET"]}}],"collection":[{"href":"https:\/\/pmd2.pl\/en\/wp-json\/wp\/v2\/pages"}],"about":[{"href":"https:\/\/pmd2.pl\/en\/wp-json\/wp\/v2\/types\/page"}],"author":[{"embeddable":true,"href":"https:\/\/pmd2.pl\/en\/wp-json\/wp\/v2\/users\/2"}],"replies":[{"embeddable":true,"href":"https:\/\/pmd2.pl\/en\/wp-json\/wp\/v2\/comments?post=900"}],"version-history":[{"count":1,"href":"https:\/\/pmd2.pl\/en\/wp-json\/wp\/v2\/pages\/900\/revisions"}],"predecessor-version":[{"id":2446,"href":"https:\/\/pmd2.pl\/en\/wp-json\/wp\/v2\/pages\/900\/revisions\/2446"}],"wp:featuredmedia":[{"embeddable":true,"href":"https:\/\/pmd2.pl\/en\/wp-json\/wp\/v2\/media\/1020"}],"wp:attachment":[{"href":"https:\/\/pmd2.pl\/en\/wp-json\/wp\/v2\/media?parent=900"}],"curies":[{"name":"wp","href":"https:\/\/api.w.org\/{rel}","templated":true}]}}